{"id":563,"date":"2014-03-09T15:20:30","date_gmt":"2014-03-09T15:20:30","guid":{"rendered":"http:\/\/www.foofwa.com\/?page_id=563"},"modified":"2015-09-21T13:10:24","modified_gmt":"2015-09-21T13:10:24","slug":"manon-andersen","status":"publish","type":"page","link":"https:\/\/www.foofwa.com\/en\/company\/dancers-actors-performers\/manon-andersen\/","title":{"rendered":"Manon Andersen"},"content":{"rendered":"<p>Com\u00e9dienne et chanteuse n\u00e9e en 1973. Elle se fait remarquer \u00e0 l\u2019\u00e2ge de 11 ans par Jean-Luc Godard avec qui elle tourne \u00ab Je vous salue Marie \u00bb et \u00ab Helas pour moi \u00bb. Elle se forme au Conservatoire Populaire de Gen\u00e8ve et avec Alicja Kuhn, sa professeur, fonde Kitschpanikkk. Elle y rencontre Pierre Lericq et un an apr\u00e8s ils d\u00e9cident de partir vivre leur propre aventure en cr\u00e9ant Les Epis Noirs. Ils montent ensemble une dizaine de spectacles qu&#8217;ils tournent de 1993 \u00e0 2008 (dont Flon Flon, L&#8217;Odyss\u00e9e&#8230;).\u00a0En 2007 Philippe Decoufl\u00e9 l&#8217;engage dans Sombreros \u00e0 Chaillot, puis en tourn\u00e9e durant trois ann\u00e9es. En parall\u00e8le elle se forme en Langue des signes dans l&#8217;\u00e9cole d&#8217;Emanuelle Laborit et interpr\u00e8te ensuite un r\u00f4le dans cette langue \u00e0 I.V.T(International Visual Theatre). En 2010 elle rencontre Foofwa d&#8217;Imobilit\u00e9 qui la dirige dans deux spectacles (\u00ab Au contraire \u00bb et \u00ab Lareduq \u00bb) avec lequel elle est toujours en tourn\u00e9e. En 2011 Guy Freixe la met en sc\u00e8ne dans un cabaret politique sur des textes d&#8217;Hanokh Levin. En 2012 elle monte \u00ab Just Married \u00bb un concert avec Christophe Salengro, Joseph Racaille et Jo Dahan. En 2014 elle retrouve Les Epis Noirs avec leur nouvelle cr\u00e9ation\u00a0\u00ab Festin \u00bb.<\/p>\n","protected":false},"excerpt":{"rendered":"<p>Com\u00e9dienne et chanteuse n\u00e9e en 1973. Elle se fait remarquer \u00e0 l\u2019\u00e2ge de 11 ans par Jean-Luc Godard avec qui elle tourne \u00ab Je vous salue Marie \u00bb et \u00ab Helas pour moi \u00bb. Elle se forme au Conservatoire Populaire de Gen\u00e8ve et avec Alicja Kuhn, sa professeur, fonde Kitschpanikkk. Elle y rencontre Pierre Lericq [&hellip;]<\/p>\n","protected":false},"author":1,"featured_media":7748,"parent":543,"menu_order":0,"comment_status":"open","ping_status":"closed","template":"","meta":{"_acf_changed":false,"footnotes":""},"class_list":["post-563","page","type-page","status-publish","has-post-thumbnail","hentry"],"acf":[],"_links":{"self":[{"href":"https:\/\/www.foofwa.com\/en\/wp-json\/wp\/v2\/pages\/563","targetHints":{"allow":["GET"]}}],"collection":[{"href":"https:\/\/www.foofwa.com\/en\/wp-json\/wp\/v2\/pages"}],"about":[{"href":"https:\/\/www.foofwa.com\/en\/wp-json\/wp\/v2\/types\/page"}],"author":[{"embeddable":true,"href":"https:\/\/www.foofwa.com\/en\/wp-json\/wp\/v2\/users\/1"}],"replies":[{"embeddable":true,"href":"https:\/\/www.foofwa.com\/en\/wp-json\/wp\/v2\/comments?post=563"}],"version-history":[{"count":4,"href":"https:\/\/www.foofwa.com\/en\/wp-json\/wp\/v2\/pages\/563\/revisions"}],"predecessor-version":[{"id":8736,"href":"https:\/\/www.foofwa.com\/en\/wp-json\/wp\/v2\/pages\/563\/revisions\/8736"}],"up":[{"embeddable":true,"href":"https:\/\/www.foofwa.com\/en\/wp-json\/wp\/v2\/pages\/543"}],"wp:featuredmedia":[{"embeddable":true,"href":"https:\/\/www.foofwa.com\/en\/wp-json\/wp\/v2\/media\/7748"}],"wp:attachment":[{"href":"https:\/\/www.foofwa.com\/en\/wp-json\/wp\/v2\/media?parent=563"}],"curies":[{"name":"wp","href":"https:\/\/api.w.org\/{rel}","templated":true}]}}