{"id":633,"date":"2014-03-09T16:11:15","date_gmt":"2014-03-09T16:11:15","guid":{"rendered":"http:\/\/www.foofwa.com\/?page_id=633"},"modified":"2015-07-15T13:26:38","modified_gmt":"2015-07-15T13:26:38","slug":"collaborator-pascal-magnin","status":"publish","type":"page","link":"https:\/\/www.foofwa.com\/en\/company\/collaborators\/collaborator-pascal-magnin\/","title":{"rendered":"Pascal Magnin"},"content":{"rendered":"<p><span class=\"descriptive\">Film Director, Production Manager, Technician, Teacher<\/span><\/p>\n<p>Born in 1962 in Neuch\u00e2tel. 1986-89 ESAV (School of Visual Art, Geneva). Teaches theoretical and practical introduction to video at the University of Geneva. Co-founder and facilitator of Cinema Sputnik in Geneva. 1989-90 Production Manager for the company Artimage SA. 1990-93 Assistant Director. 1993-97 Worked as a film technician, then as assistant director, with directors including Alain Tanner and Pierre Maillard. Since 1994 he specializes in the creation of dance films and advertising or institutional films. t<\/p>\n<p><strong>Filmography:<\/strong>\u00a01986 Nube (documentary) \/ 1987 Est-ce pass\u00e9? \/ 1988 Tarentella \/ 1994 Pas perdus \/ 1995 Gen\u00e8ve: Derri\u00e8re la carte postale (all short films) \/ P\u00e9ril \u00e0 parler et \u00e0 se taire \/ 1996 Demain (both documentaries) \/ Reines d&#8217;un jour \/ 1997 La chanson des vieux amants \/ Contrecoup (all short films) \/1999 Amn\u00e9sie internationale (documentary) \/ 2000 Transhumance (part of \u201cHistoires de f\u00eate\u201d, short film) \/ 2005 Cas d\u2019\u00e9cole (co-director, documentary) \/ Ceux d\u2019en haut (short ? lm)<\/p>\n","protected":false},"excerpt":{"rendered":"<p>Film Director, Production Manager, Technician, Teacher Born in 1962 in Neuch\u00e2tel. 1986-89 ESAV (School of Visual Art, Geneva). Teaches theoretical and practical introduction to video at the University of Geneva. Co-founder and facilitator of Cinema Sputnik in Geneva. 1989-90 Production Manager for the company Artimage SA. 1990-93 Assistant Director. 1993-97 Worked as a film technician, [&hellip;]<\/p>\n","protected":false},"author":1,"featured_media":0,"parent":596,"menu_order":0,"comment_status":"open","ping_status":"closed","template":"","meta":{"_acf_changed":false,"footnotes":""},"class_list":["post-633","page","type-page","status-publish","hentry"],"acf":[],"_links":{"self":[{"href":"https:\/\/www.foofwa.com\/en\/wp-json\/wp\/v2\/pages\/633","targetHints":{"allow":["GET"]}}],"collection":[{"href":"https:\/\/www.foofwa.com\/en\/wp-json\/wp\/v2\/pages"}],"about":[{"href":"https:\/\/www.foofwa.com\/en\/wp-json\/wp\/v2\/types\/page"}],"author":[{"embeddable":true,"href":"https:\/\/www.foofwa.com\/en\/wp-json\/wp\/v2\/users\/1"}],"replies":[{"embeddable":true,"href":"https:\/\/www.foofwa.com\/en\/wp-json\/wp\/v2\/comments?post=633"}],"version-history":[{"count":4,"href":"https:\/\/www.foofwa.com\/en\/wp-json\/wp\/v2\/pages\/633\/revisions"}],"predecessor-version":[{"id":8228,"href":"https:\/\/www.foofwa.com\/en\/wp-json\/wp\/v2\/pages\/633\/revisions\/8228"}],"up":[{"embeddable":true,"href":"https:\/\/www.foofwa.com\/en\/wp-json\/wp\/v2\/pages\/596"}],"wp:attachment":[{"href":"https:\/\/www.foofwa.com\/en\/wp-json\/wp\/v2\/media?parent=633"}],"curies":[{"name":"wp","href":"https:\/\/api.w.org\/{rel}","templated":true}]}}