{"id":6645,"date":"2015-06-23T14:00:36","date_gmt":"2015-06-23T14:00:36","guid":{"rendered":"http:\/\/www.foofwa.com\/?page_id=6645"},"modified":"2015-10-22T08:13:02","modified_gmt":"2015-10-22T08:13:02","slug":"openfoof","status":"publish","type":"page","link":"https:\/\/www.foofwa.com\/en\/openfoof\/","title":{"rendered":"OpenFoof"},"content":{"rendered":"<p style=\"text-align: center;\">Partage et Libre Redistribution<\/p>\n<div class=\"listing\">\n            <div class='listing-post'>\n                <h3 class='visible-xs'><a href='https:\/\/www.foofwa.com\/en\/openfoof\/poemes-dancewalk\/'>Poem.Dancewalk<\/a><\/h3>\n                <div class='row'>\n                    <div class='listing-thumb col-xs-4 col-sm-2'><img decoding=\"async\" src=\"https:\/\/www.foofwa.com\/wp-content\/uploads\/2016\/03\/IMG_0957-150x150.jpg\" class=\"attachment-thumbnail size-thumbnail wp-post-image\" alt=\"\" srcset=\"https:\/\/www.foofwa.com\/wp-content\/uploads\/2016\/03\/IMG_0957-150x150.jpg 150w, https:\/\/www.foofwa.com\/wp-content\/uploads\/2016\/03\/IMG_0957-300x300.jpg 300w, https:\/\/www.foofwa.com\/wp-content\/uploads\/2016\/03\/IMG_0957.jpg 640w\" sizes=\"(max-width: 150px) 100vw, 150px\" \/><\/div>\n                    <div class='col-sm-10'>\n                        <h3 class='hidden-xs'><a href='https:\/\/www.foofwa.com\/en\/openfoof\/poemes-dancewalk\/'>Poem.Dancewalk<\/a><\/h3>\n                        <div class='listing-excerpt'>6 po\u00e8mes en forme de dancewalk \u00e9crits durant la pr\u00e9paration de la 100km.Dancewalk ... <\/div>\n                    <\/div>\n                <\/div>\n            <\/div>\n        \n            <div class='listing-post'>\n                <h3 class='visible-xs'><a href='https:\/\/www.foofwa.com\/en\/openfoof\/la-releve-des-defis\/'>La Rel\u00e8ve des D\u00e9fis<\/a><\/h3>\n                <div class='row'>\n                    <div class='listing-thumb col-xs-4 col-sm-2'><img decoding=\"async\" src=\"https:\/\/www.foofwa.com\/wp-content\/uploads\/2015\/10\/14Forum-Tanz-2015-Foto-Nelly-Rodriguez-150x150.jpg\" class=\"attachment-thumbnail size-thumbnail wp-post-image\" alt=\"\" \/><\/div>\n                    <div class='col-sm-10'>\n                        <h3 class='hidden-xs'><a href='https:\/\/www.foofwa.com\/en\/openfoof\/la-releve-des-defis\/'>La Rel\u00e8ve des D\u00e9fis<\/a><\/h3>\n                        <div class='listing-excerpt'>Texte du discours performatif de Foofwa d\u2019Imobilit\u00e9 accompagn\u00e9 par les huit jeunes professionnels du Projet \/Utile 1 : Laura Alzina, Charl\u00e8ne Bonnet, Laura Dicembrino, Elina Kariva, Sophie Lebre, Evita Pitara, Rudy Sbrizzi, Juliette Valerio.<\/div>\n                    <\/div>\n                <\/div>\n            <\/div>\n        \n            <div class='listing-post'>\n                <h3 class='visible-xs'><a href='https:\/\/www.foofwa.com\/en\/openfoof\/exergue\/'>Exergue<\/a><\/h3>\n                <div class='row'>\n                    <div class='listing-thumb col-xs-4 col-sm-2'><img decoding=\"async\" src=\"https:\/\/www.foofwa.com\/wp-content\/uploads\/2015\/10\/Nebuleuse-150x150.png\" class=\"attachment-thumbnail size-thumbnail wp-post-image\" alt=\"\" srcset=\"https:\/\/www.foofwa.com\/wp-content\/uploads\/2015\/10\/Nebuleuse-150x150.png 150w, https:\/\/www.foofwa.com\/wp-content\/uploads\/2015\/10\/Nebuleuse-300x300.png 300w, https:\/\/www.foofwa.com\/wp-content\/uploads\/2015\/10\/Nebuleuse.png 451w\" sizes=\"(max-width: 150px) 100vw, 150px\" \/><\/div>\n                    <div class='col-sm-10'>\n                        <h3 class='hidden-xs'><a href='https:\/\/www.foofwa.com\/en\/openfoof\/exergue\/'>Exergue<\/a><\/h3>\n                        <div class='listing-excerpt'>Textes r\u00e9flexionnels d'une r\u00e9flexion du moment (...)<\/div>\n                    <\/div>\n                <\/div>\n            <\/div>\n        \n            <div class='listing-post'>\n                <h3 class='visible-xs'><a href='https:\/\/www.foofwa.com\/en\/openfoof\/cahier-dartiste\/'>Cahier d'artiste<\/a><\/h3>\n                <div class='row'>\n                    <div class='listing-thumb col-xs-4 col-sm-2'><img decoding=\"async\" src=\"https:\/\/www.foofwa.com\/wp-content\/uploads\/2016\/03\/N-1-150x150.jpg\" class=\"attachment-thumbnail size-thumbnail wp-post-image\" alt=\"\" \/><\/div>\n                    <div class='col-sm-10'>\n                        <h3 class='hidden-xs'><a href='https:\/\/www.foofwa.com\/en\/openfoof\/cahier-dartiste\/'>Cahier d'artiste<\/a><\/h3>\n                        <div class='listing-excerpt'>Pens\u00e9 et con\u00e7u par Foofwa d'Imobilit\u00e9 en 2003 avec le soutien de Pro Helvetia.<\/div>\n                    <\/div>\n                <\/div>\n            <\/div>\n        <\/div>\n","protected":false},"excerpt":{"rendered":"<p>Partage et Libre Redistribution<\/p>\n","protected":false},"author":1,"featured_media":0,"parent":0,"menu_order":0,"comment_status":"open","ping_status":"open","template":"","meta":{"_acf_changed":false,"footnotes":""},"class_list":["post-6645","page","type-page","status-publish","hentry"],"acf":[],"_links":{"self":[{"href":"https:\/\/www.foofwa.com\/en\/wp-json\/wp\/v2\/pages\/6645","targetHints":{"allow":["GET"]}}],"collection":[{"href":"https:\/\/www.foofwa.com\/en\/wp-json\/wp\/v2\/pages"}],"about":[{"href":"https:\/\/www.foofwa.com\/en\/wp-json\/wp\/v2\/types\/page"}],"author":[{"embeddable":true,"href":"https:\/\/www.foofwa.com\/en\/wp-json\/wp\/v2\/users\/1"}],"replies":[{"embeddable":true,"href":"https:\/\/www.foofwa.com\/en\/wp-json\/wp\/v2\/comments?post=6645"}],"version-history":[{"count":5,"href":"https:\/\/www.foofwa.com\/en\/wp-json\/wp\/v2\/pages\/6645\/revisions"}],"predecessor-version":[{"id":9077,"href":"https:\/\/www.foofwa.com\/en\/wp-json\/wp\/v2\/pages\/6645\/revisions\/9077"}],"wp:attachment":[{"href":"https:\/\/www.foofwa.com\/en\/wp-json\/wp\/v2\/media?parent=6645"}],"curies":[{"name":"wp","href":"https:\/\/api.w.org\/{rel}","templated":true}]}}