{"id":8244,"date":"2015-07-15T13:39:08","date_gmt":"2015-07-15T13:39:08","guid":{"rendered":"http:\/\/www.foofwa.com\/?page_id=8244"},"modified":"2018-02-08T15:49:22","modified_gmt":"2018-02-08T15:49:22","slug":"a-dance-organization","status":"publish","type":"page","link":"https:\/\/www.foofwa.com\/en\/company\/neopost-ahrrrt\/a-dance-organization\/","title":{"rendered":"A Dance Organization"},"content":{"rendered":"<div><em>Neopost Foofwa<\/em>\u00a0is a Geneva, Switzerland based association founded in 2000 and currently directed by Foofwa d\u2019Imobilit\u00e9.<\/div>\n<p><em>Neopost Foofwa<\/em>\u00a0aims to produce contemporary dance creations \u2013 theater productions, outdoor performances and dance video projects all created and performed by Foofwa, his collaborators and his company. It also supports pedagogic dance projects by Foofwa and associates, such as daily free classes for professionals in Geneva, international workshops, and lately the\u00a0<em>Telepedagogia<\/em>\u00a0project &#8211; teaching classes and workshops live via the internet.\u00a0<em>Neopost Foofwa<\/em>\u00a0also develops Foofwa\u2019s interest in dance history and the analysis of dance, notably through interviews of dancers and choreographers,\u00a0<em>Salons chor\u00e9graphiques<\/em>, and conferences illustrating dance\u2019s history through performance of styles from different eras.<\/p>\n<h5><\/h5>\n<h5>Members of the Board<\/h5>\n<p>President: <strong>H\u00e9l\u00e8ne Mari\u00e9thoz<\/strong><br \/>\nTreasurer: <strong>Timothy O&#8217;Hear<\/strong><br \/>\nSecretary: <strong>Mich\u00e8le Pralong<\/strong><br \/>\nMembers: <strong>Yann Aubert, Fabio Bergamaschi, Caroline Jauch<\/strong><\/p>\n","protected":false},"excerpt":{"rendered":"<p>Neopost Foofwa\u00a0is a Geneva, Switzerland based association founded in 2000 and currently directed by Foofwa d\u2019Imobilit\u00e9. Neopost Foofwa\u00a0aims to produce contemporary dance creations \u2013 theater productions, outdoor performances and dance video projects all created and performed by Foofwa, his collaborators and his company. It also supports pedagogic dance projects by Foofwa and associates, such as [&hellip;]<\/p>\n","protected":false},"author":1,"featured_media":0,"parent":414,"menu_order":0,"comment_status":"open","ping_status":"open","template":"","meta":{"_acf_changed":false,"footnotes":""},"class_list":["post-8244","page","type-page","status-publish","hentry"],"acf":[],"_links":{"self":[{"href":"https:\/\/www.foofwa.com\/en\/wp-json\/wp\/v2\/pages\/8244","targetHints":{"allow":["GET"]}}],"collection":[{"href":"https:\/\/www.foofwa.com\/en\/wp-json\/wp\/v2\/pages"}],"about":[{"href":"https:\/\/www.foofwa.com\/en\/wp-json\/wp\/v2\/types\/page"}],"author":[{"embeddable":true,"href":"https:\/\/www.foofwa.com\/en\/wp-json\/wp\/v2\/users\/1"}],"replies":[{"embeddable":true,"href":"https:\/\/www.foofwa.com\/en\/wp-json\/wp\/v2\/comments?post=8244"}],"version-history":[{"count":2,"href":"https:\/\/www.foofwa.com\/en\/wp-json\/wp\/v2\/pages\/8244\/revisions"}],"predecessor-version":[{"id":12332,"href":"https:\/\/www.foofwa.com\/en\/wp-json\/wp\/v2\/pages\/8244\/revisions\/12332"}],"up":[{"embeddable":true,"href":"https:\/\/www.foofwa.com\/en\/wp-json\/wp\/v2\/pages\/414"}],"wp:attachment":[{"href":"https:\/\/www.foofwa.com\/en\/wp-json\/wp\/v2\/media?parent=8244"}],"curies":[{"name":"wp","href":"https:\/\/api.w.org\/{rel}","templated":true}]}}