{"id":8746,"date":"2015-09-21T13:25:59","date_gmt":"2015-09-21T13:25:59","guid":{"rendered":"http:\/\/www.foofwa.com\/company\/dancers-actors-performers\/nathalie-ponlot\/"},"modified":"2015-09-21T13:25:59","modified_gmt":"2015-09-21T13:25:59","slug":"nathalie-ponlot","status":"publish","type":"page","link":"https:\/\/www.foofwa.com\/en\/company\/dancers-actors-performers\/nathalie-ponlot\/","title":{"rendered":"Nathalie Ponlot"},"content":{"rendered":"<div class=\"page\" title=\"Page 5\">\n<div class=\"layoutArea\">\n<div class=\"column\">\n<p>N\u00e9e en Belgique, passionn\u00e9e par la danse, elle suit les cours de l&#8217;\u00e9cole du Ballet Contemporain de Bruxelles.<\/p>\n<p><span style=\"line-height: 1.5;\">Dipl\u00f4m\u00e9e de l&#8217;INSAS en interpr\u00e9tation dramatique, elle travaille sur les sc\u00e8nes belges et suisses avec, notamment, Armel Roussel, Val\u00e9rie Cordy, Pascal Rambert, Michel Barras.<\/span><\/p>\n<p>A travers le r\u00e9pertoire contemporain ou exp\u00e9rimental ( Bernard-Marie Kolt\u00e8s , Henri Bauchau, Jan Fabre, Bertold Brecht, Bernard Schlurick, &#8230;) , elle observe et explore le comportement humain en qu\u00eate de ces instants o\u00f9 la voix s&#8217;incarne le corps chante.<\/p>\n<\/div>\n<\/div>\n<\/div>\n","protected":false},"excerpt":{"rendered":"<p>N\u00e9e en Belgique, passionn\u00e9e par la danse, elle suit les cours de l&#8217;\u00e9cole du Ballet Contemporain de Bruxelles. Dipl\u00f4m\u00e9e de l&#8217;INSAS en interpr\u00e9tation dramatique, elle travaille sur les sc\u00e8nes belges et suisses avec, notamment, Armel Roussel, Val\u00e9rie Cordy, Pascal Rambert, Michel Barras. A travers le r\u00e9pertoire contemporain ou exp\u00e9rimental ( Bernard-Marie Kolt\u00e8s , Henri Bauchau, [&hellip;]<\/p>\n","protected":false},"author":1,"featured_media":0,"parent":543,"menu_order":0,"comment_status":"open","ping_status":"open","template":"","meta":{"_acf_changed":false,"footnotes":""},"class_list":["post-8746","page","type-page","status-publish","hentry"],"acf":[],"_links":{"self":[{"href":"https:\/\/www.foofwa.com\/en\/wp-json\/wp\/v2\/pages\/8746","targetHints":{"allow":["GET"]}}],"collection":[{"href":"https:\/\/www.foofwa.com\/en\/wp-json\/wp\/v2\/pages"}],"about":[{"href":"https:\/\/www.foofwa.com\/en\/wp-json\/wp\/v2\/types\/page"}],"author":[{"embeddable":true,"href":"https:\/\/www.foofwa.com\/en\/wp-json\/wp\/v2\/users\/1"}],"replies":[{"embeddable":true,"href":"https:\/\/www.foofwa.com\/en\/wp-json\/wp\/v2\/comments?post=8746"}],"version-history":[{"count":0,"href":"https:\/\/www.foofwa.com\/en\/wp-json\/wp\/v2\/pages\/8746\/revisions"}],"up":[{"embeddable":true,"href":"https:\/\/www.foofwa.com\/en\/wp-json\/wp\/v2\/pages\/543"}],"wp:attachment":[{"href":"https:\/\/www.foofwa.com\/en\/wp-json\/wp\/v2\/media?parent=8746"}],"curies":[{"name":"wp","href":"https:\/\/api.w.org\/{rel}","templated":true}]}}