{"id":9828,"date":"2015-11-03T14:24:46","date_gmt":"2015-11-03T14:24:46","guid":{"rendered":"http:\/\/www.foofwa.com\/?page_id=9828"},"modified":"2015-11-03T14:32:44","modified_gmt":"2015-11-03T14:32:44","slug":"sophie-lebre","status":"publish","type":"page","link":"https:\/\/www.foofwa.com\/en\/sophie-lebre\/","title":{"rendered":"Sophie Lebre"},"content":{"rendered":"<p>Sophie s\u2019initie \u00e0 la danse d\u00e8s l\u2019\u00e2ge de 6 ans, en Provence, dans le sud de la France. C\u2019est apr\u00e8s un cursus danse-\u00e9tudes \u00e0 Grenoble, suivi d\u2019une ann\u00e9e de formation professionnelle \u00e0 Aurillac qu\u2019elle est accept\u00e9e, en 2010, au Conservatoire National de Musique et de Danse de Paris en section contemporaine. Au CNSMDP, elle travaille avec des p\u00e9dagogues comme Peter Goss, Christine G\u00e9rard, Cheryl Therrien.<\/p>\n<p>En septembre 2013, Sophie rejoint le Ballet Junior de Gen\u00e8ve o\u00f9 elle interpr\u00e8te des pi\u00e8ces de Stijn Celis, Hofesh Schechter, Cindy Van Acker et des cr\u00e9ations de Yann Marussich et Osnat Kelner.\u2028Aujourd\u2019hui Sophie a rejoint la compagnie Neopost Foofwa pour le projet <em>Utile\/Inutile.<\/em><\/p>","protected":false},"excerpt":{"rendered":"<p>Sophie s\u2019initie \u00e0 la danse d\u00e8s l\u2019\u00e2ge de 6 ans, en Provence, dans le sud de la France. <\/p>\n","protected":false},"author":1,"featured_media":0,"parent":0,"menu_order":0,"comment_status":"open","ping_status":"open","template":"","meta":{"_acf_changed":false,"footnotes":""},"class_list":["post-9828","page","type-page","status-publish","hentry"],"acf":[],"_links":{"self":[{"href":"https:\/\/www.foofwa.com\/en\/wp-json\/wp\/v2\/pages\/9828","targetHints":{"allow":["GET"]}}],"collection":[{"href":"https:\/\/www.foofwa.com\/en\/wp-json\/wp\/v2\/pages"}],"about":[{"href":"https:\/\/www.foofwa.com\/en\/wp-json\/wp\/v2\/types\/page"}],"author":[{"embeddable":true,"href":"https:\/\/www.foofwa.com\/en\/wp-json\/wp\/v2\/users\/1"}],"replies":[{"embeddable":true,"href":"https:\/\/www.foofwa.com\/en\/wp-json\/wp\/v2\/comments?post=9828"}],"version-history":[{"count":2,"href":"https:\/\/www.foofwa.com\/en\/wp-json\/wp\/v2\/pages\/9828\/revisions"}],"predecessor-version":[{"id":9835,"href":"https:\/\/www.foofwa.com\/en\/wp-json\/wp\/v2\/pages\/9828\/revisions\/9835"}],"wp:attachment":[{"href":"https:\/\/www.foofwa.com\/en\/wp-json\/wp\/v2\/media?parent=9828"}],"curies":[{"name":"wp","href":"https:\/\/api.w.org\/{rel}","templated":true}]}}