{"id":9847,"date":"2015-11-03T14:48:30","date_gmt":"2015-11-03T14:48:30","guid":{"rendered":"http:\/\/www.foofwa.com\/?page_id=9847"},"modified":"2015-11-03T14:48:30","modified_gmt":"2015-11-03T14:48:30","slug":"rudy-sbrizzi","status":"publish","type":"page","link":"https:\/\/www.foofwa.com\/en\/rudy-sbrizzi\/","title":{"rendered":"Rudy Sbrizzi"},"content":{"rendered":"<p>Rudy est n\u00e9 \u00e0 Tournon-sur-Rh\u00f4ne (France) en 1990. A 19 ans il int\u00e8gre le conservatoire \u00e0 rayonnement r\u00e9gional du Grand Avignon, Il travaille durant cette p\u00e9riode notamment avec Nathalie Collant\u00e8s et Julie Salgue dans le cadre des hivernales d&#8217;Avignon pour \u00ab Une lecture de danse \u00bb ainsi qu&#8217;avec le directeur de l&#8217;Op\u00e9ra du Grand Avignon Eric Belaud pour une adaptation de \u00ab Rom\u00e9o et Juliette \u00bb.<\/p>\n<p>En 2014 il est admis au Ballet Junior de Gen\u00e8ve o\u00f9 il danse des pi\u00e8ces de Alexander Ekman, Wayne McGregor, Barak Marshall ou encore Cindy Van Acker.\u2028En 2015 il participe au projet <em>Sound of Music<\/em> de Yan Duyvendak, chor\u00e9graphi\u00e9 par Olivier Dubois, et fait parti actuellement du projet <em>Utile\/Inutile<\/em> de la compagnie Neopost Foofwa.<\/p>\n","protected":false},"excerpt":{"rendered":"<p>Rudy est n\u00e9 \u00e0 Tournon-sur-Rh\u00f4ne (France) en 1990<\/p>\n","protected":false},"author":1,"featured_media":0,"parent":0,"menu_order":0,"comment_status":"open","ping_status":"open","template":"","meta":{"_acf_changed":false,"footnotes":""},"class_list":["post-9847","page","type-page","status-publish","hentry"],"acf":[],"_links":{"self":[{"href":"https:\/\/www.foofwa.com\/en\/wp-json\/wp\/v2\/pages\/9847","targetHints":{"allow":["GET"]}}],"collection":[{"href":"https:\/\/www.foofwa.com\/en\/wp-json\/wp\/v2\/pages"}],"about":[{"href":"https:\/\/www.foofwa.com\/en\/wp-json\/wp\/v2\/types\/page"}],"author":[{"embeddable":true,"href":"https:\/\/www.foofwa.com\/en\/wp-json\/wp\/v2\/users\/1"}],"replies":[{"embeddable":true,"href":"https:\/\/www.foofwa.com\/en\/wp-json\/wp\/v2\/comments?post=9847"}],"version-history":[{"count":1,"href":"https:\/\/www.foofwa.com\/en\/wp-json\/wp\/v2\/pages\/9847\/revisions"}],"predecessor-version":[{"id":9848,"href":"https:\/\/www.foofwa.com\/en\/wp-json\/wp\/v2\/pages\/9847\/revisions\/9848"}],"wp:attachment":[{"href":"https:\/\/www.foofwa.com\/en\/wp-json\/wp\/v2\/media?parent=9847"}],"curies":[{"name":"wp","href":"https:\/\/api.w.org\/{rel}","templated":true}]}}