{"id":9850,"date":"2015-11-03T14:49:05","date_gmt":"2015-11-03T14:49:05","guid":{"rendered":"http:\/\/www.foofwa.com\/?page_id=9850"},"modified":"2015-11-03T14:49:17","modified_gmt":"2015-11-03T14:49:17","slug":"juliette-valerio","status":"publish","type":"page","link":"https:\/\/www.foofwa.com\/en\/juliette-valerio\/","title":{"rendered":"Juliette Valerio"},"content":{"rendered":"<p>Juliette commence la danse \u00e0 l&#8217;\u00e2ge de 5 ans en Haute-Normandie. C&#8217;est apr\u00e8s avoir effectu\u00e9 un cursus contemporain au Conservatoire \u00e0 Rayonnement R\u00e9gional de Rouen qu&#8217;elle est admise au Ballet Junior de Gen\u00e8ve. Formation riche et pluridisciplinaire, elle a pu traverser de nombreux horizons chor\u00e9graphiques tels que ceux de Marina Mascarell, Stijn Celis, Hofesh Shechter ou encore Barak Marshall.<\/p>\n<p>C&#8217;est en juin 2015 qu&#8217;elle participe \u00e0 la cr\u00e9ation de Yan Duyvendak, <em>Sound of Music<\/em> chor\u00e9graphi\u00e9 par Olivier Dubois, avant de rejoindre le projet <em>Utile\/Inutile<\/em> en septembre de la compagnie Neopost Foofwa.<\/p>\n","protected":false},"excerpt":{"rendered":"<p>Juliette commence la danse \u00e0 l&#8217;\u00e2ge de 5 ans en Haute-Normandie<\/p>\n","protected":false},"author":1,"featured_media":0,"parent":0,"menu_order":0,"comment_status":"open","ping_status":"open","template":"","meta":{"_acf_changed":false,"footnotes":""},"class_list":["post-9850","page","type-page","status-publish","hentry"],"acf":[],"_links":{"self":[{"href":"https:\/\/www.foofwa.com\/en\/wp-json\/wp\/v2\/pages\/9850","targetHints":{"allow":["GET"]}}],"collection":[{"href":"https:\/\/www.foofwa.com\/en\/wp-json\/wp\/v2\/pages"}],"about":[{"href":"https:\/\/www.foofwa.com\/en\/wp-json\/wp\/v2\/types\/page"}],"author":[{"embeddable":true,"href":"https:\/\/www.foofwa.com\/en\/wp-json\/wp\/v2\/users\/1"}],"replies":[{"embeddable":true,"href":"https:\/\/www.foofwa.com\/en\/wp-json\/wp\/v2\/comments?post=9850"}],"version-history":[{"count":2,"href":"https:\/\/www.foofwa.com\/en\/wp-json\/wp\/v2\/pages\/9850\/revisions"}],"predecessor-version":[{"id":9852,"href":"https:\/\/www.foofwa.com\/en\/wp-json\/wp\/v2\/pages\/9850\/revisions\/9852"}],"wp:attachment":[{"href":"https:\/\/www.foofwa.com\/en\/wp-json\/wp\/v2\/media?parent=9850"}],"curies":[{"name":"wp","href":"https:\/\/api.w.org\/{rel}","templated":true}]}}