{"id":9854,"date":"2015-11-03T14:50:02","date_gmt":"2015-11-03T14:50:02","guid":{"rendered":"http:\/\/www.foofwa.com\/?page_id=9854"},"modified":"2016-05-03T13:14:12","modified_gmt":"2016-05-03T13:14:12","slug":"charlene-bonnet","status":"publish","type":"page","link":"https:\/\/www.foofwa.com\/en\/charlene-bonnet\/","title":{"rendered":"Charl\u00e8ne Bonnet"},"content":{"rendered":"<p>Charlene est fran\u00e7aise et originaire de l&#8217;Ain. Elle commence la danse a l&#8217;\u00e2ge de 4 ans. Venant de l\u2019univers de la danse jazz, \u00e0 19 ans, elle part \u00e9tudier \u00e0 l&#8217;\u00e9cole professionnelle \u201cEpsedanse\u201d de Montpellier. Elle d\u00e9couvre la polyvalence, avec les disciplines contemporaines, classiques, hip-hop&#8230; Elle passe son EAT Jazz \u00e0 Marseille en 2014.<\/p>\n<p>Apr\u00e8s un virage en danse contemporaine, elle passera une ann\u00e9e au sein de la compagnie junior du Marchepied. Elle y exp\u00e9rimente le travail de cr\u00e9ation, en collaboration avec les compagnies Iselie-Chiodie, 7273, Utilit\u00e9 Publique. Elle danse actuellement au sein de la compagnie Neopost Foofwa dans le cadre du projet <em>Utile\/Inutile.<\/em><\/p>\n","protected":false},"excerpt":{"rendered":"<p>Charlene est fran\u00e7aise et originaire de l&#8217;Ain. Elle commence la danse a l&#8217;\u00e2ge de 4 ans<\/p>\n","protected":false},"author":1,"featured_media":9890,"parent":0,"menu_order":0,"comment_status":"open","ping_status":"open","template":"","meta":{"_acf_changed":false,"footnotes":""},"class_list":["post-9854","page","type-page","status-publish","has-post-thumbnail","hentry"],"acf":[],"_links":{"self":[{"href":"https:\/\/www.foofwa.com\/en\/wp-json\/wp\/v2\/pages\/9854","targetHints":{"allow":["GET"]}}],"collection":[{"href":"https:\/\/www.foofwa.com\/en\/wp-json\/wp\/v2\/pages"}],"about":[{"href":"https:\/\/www.foofwa.com\/en\/wp-json\/wp\/v2\/types\/page"}],"author":[{"embeddable":true,"href":"https:\/\/www.foofwa.com\/en\/wp-json\/wp\/v2\/users\/1"}],"replies":[{"embeddable":true,"href":"https:\/\/www.foofwa.com\/en\/wp-json\/wp\/v2\/comments?post=9854"}],"version-history":[{"count":1,"href":"https:\/\/www.foofwa.com\/en\/wp-json\/wp\/v2\/pages\/9854\/revisions"}],"predecessor-version":[{"id":9855,"href":"https:\/\/www.foofwa.com\/en\/wp-json\/wp\/v2\/pages\/9854\/revisions\/9855"}],"wp:featuredmedia":[{"embeddable":true,"href":"https:\/\/www.foofwa.com\/en\/wp-json\/wp\/v2\/media\/9890"}],"wp:attachment":[{"href":"https:\/\/www.foofwa.com\/en\/wp-json\/wp\/v2\/media?parent=9854"}],"curies":[{"name":"wp","href":"https:\/\/api.w.org\/{rel}","templated":true}]}}