{"id":9857,"date":"2015-11-03T14:50:55","date_gmt":"2015-11-03T14:50:55","guid":{"rendered":"http:\/\/www.foofwa.com\/?page_id=9857"},"modified":"2015-11-03T14:50:55","modified_gmt":"2015-11-03T14:50:55","slug":"elina-kariya","status":"publish","type":"page","link":"https:\/\/www.foofwa.com\/en\/elina-kariya\/","title":{"rendered":"Elina Kariya"},"content":{"rendered":"<p>Elina Kariya (21 ans) est actuellement danseuse interpr\u00e8te pour le projet <em>Utile\/Inutile<\/em> de la compagnie Neopost Foofwa. A 14 ans, elle commence la danse jazz ainsi que la danse classique au Conservatoire de la Ville de Luxembourg. Parall\u00e8lement elle suit \u00e9galement le programme de la Royal Academy of Dance dans l&#8217;\u00e9cole de danse classique \u00abJaga Antony\u00bb. En 2013, elle int\u00e8gre l\u2019\u00e9cole de danse professionnelle \u00abEpsedanse\u00bb \u00e0 Montpellier o\u00f9 elle d\u00e9couvre la danse contemporaine. L\u2019ann\u00e9e suivante, elle poursuit son parcours au sein du Ballet Junior de Gen\u00e8ve o\u00f9 pendant deux ans elle danse diff\u00e9rents r\u00e9pertoires contemporains et n\u00e9oclassiques plus ou moins actuels.<\/p>\n","protected":false},"excerpt":{"rendered":"<p>A 14 ans, elle commence la danse jazz ainsi que la danse classique au Conservatoire de la Ville de Luxembour<\/p>\n","protected":false},"author":1,"featured_media":0,"parent":0,"menu_order":0,"comment_status":"open","ping_status":"open","template":"","meta":{"_acf_changed":false,"footnotes":""},"class_list":["post-9857","page","type-page","status-publish","hentry"],"acf":[],"_links":{"self":[{"href":"https:\/\/www.foofwa.com\/en\/wp-json\/wp\/v2\/pages\/9857","targetHints":{"allow":["GET"]}}],"collection":[{"href":"https:\/\/www.foofwa.com\/en\/wp-json\/wp\/v2\/pages"}],"about":[{"href":"https:\/\/www.foofwa.com\/en\/wp-json\/wp\/v2\/types\/page"}],"author":[{"embeddable":true,"href":"https:\/\/www.foofwa.com\/en\/wp-json\/wp\/v2\/users\/1"}],"replies":[{"embeddable":true,"href":"https:\/\/www.foofwa.com\/en\/wp-json\/wp\/v2\/comments?post=9857"}],"version-history":[{"count":1,"href":"https:\/\/www.foofwa.com\/en\/wp-json\/wp\/v2\/pages\/9857\/revisions"}],"predecessor-version":[{"id":9858,"href":"https:\/\/www.foofwa.com\/en\/wp-json\/wp\/v2\/pages\/9857\/revisions\/9858"}],"wp:attachment":[{"href":"https:\/\/www.foofwa.com\/en\/wp-json\/wp\/v2\/media?parent=9857"}],"curies":[{"name":"wp","href":"https:\/\/api.w.org\/{rel}","templated":true}]}}