{"id":9860,"date":"2015-11-03T14:51:53","date_gmt":"2015-11-03T14:51:53","guid":{"rendered":"http:\/\/www.foofwa.com\/?page_id=9860"},"modified":"2015-11-03T14:51:53","modified_gmt":"2015-11-03T14:51:53","slug":"evita-pitara","status":"publish","type":"page","link":"https:\/\/www.foofwa.com\/en\/evita-pitara\/","title":{"rendered":"Evita Pitara"},"content":{"rendered":"<p>N\u00e9e \u00e0 Ath\u00e8nes, Evita commence la danse classique et contemporaine \u00e0 l&#8217;\u00e2ge de quatre ans. En 2010 elle int\u00e8gre la deuxi\u00e8me ann\u00e9e de la Central School of Ballet de Londres et r\u00e9ussit le First Class BA HONS Degree en danse et performance. Elle fait partie de la compagnie de l&#8217;\u00e9cole et fait des tourn\u00e9es au Royaume-Uni. En 2012 elle danse aux Jeux Olympiques de Londres.<\/p>\n<p>Elle int\u00e8gre le Ballet Junior de Gen\u00e8ve en 2013 o\u00f9 elle danse un r\u00e9pertoire tr\u00e8s vari\u00e9 (Hofesh Schechter, Wayne Mcgregor, Cindy Van Acker, Alexander Ekman, Barak Marshall, Joszef Trefeli, Stijn Celis etc.). Pendant sa formation, Evita cr\u00e9e \u00e9galement un duo avec le danseur Cedric Gagneur qui est jou\u00e9 en Suisse et en Espagne.<\/p>\n<p>Cet \u00e9t\u00e9, elle a particip\u00e9 au projet <em>Sound of Music<\/em> de Yan Duyvendak. Actuellement, elle fait partie de la compagnie Neopost Foofwa pour le projet <em>Utile\/Inutile<\/em>.<\/p>\n","protected":false},"excerpt":{"rendered":"<p>N\u00e9e \u00e0 Ath\u00e8nes, Evita commence la danse classique et contemporaine \u00e0 l&#8217;\u00e2ge de quatre ans<\/p>\n","protected":false},"author":1,"featured_media":0,"parent":0,"menu_order":0,"comment_status":"open","ping_status":"open","template":"","meta":{"_acf_changed":false,"footnotes":""},"class_list":["post-9860","page","type-page","status-publish","hentry"],"acf":[],"_links":{"self":[{"href":"https:\/\/www.foofwa.com\/en\/wp-json\/wp\/v2\/pages\/9860","targetHints":{"allow":["GET"]}}],"collection":[{"href":"https:\/\/www.foofwa.com\/en\/wp-json\/wp\/v2\/pages"}],"about":[{"href":"https:\/\/www.foofwa.com\/en\/wp-json\/wp\/v2\/types\/page"}],"author":[{"embeddable":true,"href":"https:\/\/www.foofwa.com\/en\/wp-json\/wp\/v2\/users\/1"}],"replies":[{"embeddable":true,"href":"https:\/\/www.foofwa.com\/en\/wp-json\/wp\/v2\/comments?post=9860"}],"version-history":[{"count":1,"href":"https:\/\/www.foofwa.com\/en\/wp-json\/wp\/v2\/pages\/9860\/revisions"}],"predecessor-version":[{"id":9861,"href":"https:\/\/www.foofwa.com\/en\/wp-json\/wp\/v2\/pages\/9860\/revisions\/9861"}],"wp:attachment":[{"href":"https:\/\/www.foofwa.com\/en\/wp-json\/wp\/v2\/media?parent=9860"}],"curies":[{"name":"wp","href":"https:\/\/api.w.org\/{rel}","templated":true}]}}