{"id":9863,"date":"2015-11-03T14:52:18","date_gmt":"2015-11-03T14:52:18","guid":{"rendered":"http:\/\/www.foofwa.com\/?page_id=9863"},"modified":"2015-11-03T14:52:18","modified_gmt":"2015-11-03T14:52:18","slug":"laura-alzina","status":"publish","type":"page","link":"https:\/\/www.foofwa.com\/en\/laura-alzina\/","title":{"rendered":"Laura Alzina"},"content":{"rendered":"<p>Originaire du Tessin, Laura a commenc\u00e9 la danse \u00e0 l\u2019\u00e2ge de 18 ans, \u00e0 la suite d\u2019un parcours de gymnaste artistique pendant lequel elle a eu l\u2019opportunit\u00e9 de participer \u00e0 des championnats europ\u00e9ens et mondiaux. Ayant toujours aim\u00e9 la danse, elle prend des cours de jazz ainsi que de hip-hop, puis se forme pr\u00e9-professionnellement en danse classique, jazz et contemporaine \u00e0 DanceArea \u00e0 Gen\u00e8ve.<\/p>\n<p>Elle d\u00e9cide de se consacrer \u00e0 la danse contemporaine et obtient son CFC de Danseuse Interpr\u00e8te orientation contemporain aux Arts Appliqu\u00e9s de Gen\u00e8ve en 2014 pour int\u00e9grer le MARCHEPIED la saison suivante.\u2028Elle est actuellement au sein de la compagnie Neopost Foofwa pour le projet <em>Utile\/Inutile.<\/em><\/p>\n","protected":false},"excerpt":{"rendered":"<p>Originaire du Tessin, Laura a commenc\u00e9 la danse \u00e0 l\u2019\u00e2ge de 18 ans, \u00e0 la suite d\u2019un parcours de gymnaste artistique pendant lequel elle a eu l\u2019opportunit\u00e9 de participer \u00e0 des championnats europ\u00e9ens et mondiaux. Ayant toujours aim\u00e9 la danse, elle prend des cours de jazz ainsi que de hip-hop, puis se forme pr\u00e9-professionnellement en [&hellip;]<\/p>\n","protected":false},"author":1,"featured_media":0,"parent":0,"menu_order":0,"comment_status":"open","ping_status":"open","template":"","meta":{"_acf_changed":false,"footnotes":""},"class_list":["post-9863","page","type-page","status-publish","hentry"],"acf":[],"_links":{"self":[{"href":"https:\/\/www.foofwa.com\/en\/wp-json\/wp\/v2\/pages\/9863","targetHints":{"allow":["GET"]}}],"collection":[{"href":"https:\/\/www.foofwa.com\/en\/wp-json\/wp\/v2\/pages"}],"about":[{"href":"https:\/\/www.foofwa.com\/en\/wp-json\/wp\/v2\/types\/page"}],"author":[{"embeddable":true,"href":"https:\/\/www.foofwa.com\/en\/wp-json\/wp\/v2\/users\/1"}],"replies":[{"embeddable":true,"href":"https:\/\/www.foofwa.com\/en\/wp-json\/wp\/v2\/comments?post=9863"}],"version-history":[{"count":1,"href":"https:\/\/www.foofwa.com\/en\/wp-json\/wp\/v2\/pages\/9863\/revisions"}],"predecessor-version":[{"id":9864,"href":"https:\/\/www.foofwa.com\/en\/wp-json\/wp\/v2\/pages\/9863\/revisions\/9864"}],"wp:attachment":[{"href":"https:\/\/www.foofwa.com\/en\/wp-json\/wp\/v2\/media?parent=9863"}],"curies":[{"name":"wp","href":"https:\/\/api.w.org\/{rel}","templated":true}]}}