{"id":9866,"date":"2015-11-03T14:52:58","date_gmt":"2015-11-03T14:52:58","guid":{"rendered":"http:\/\/www.foofwa.com\/?page_id=9866"},"modified":"2015-11-03T14:52:58","modified_gmt":"2015-11-03T14:52:58","slug":"laura-dicembrino","status":"publish","type":"page","link":"https:\/\/www.foofwa.com\/en\/laura-dicembrino\/","title":{"rendered":"Laura Dicembrino"},"content":{"rendered":"<p>Laura Dicembrino, n\u00e9e le 08 d\u00e9cembre 1996, a grandi dans les montagnes neuch\u00e2teloises, en Suisse. Elle commence son aventure de la d\u00e9couverte du mouvement avec la gymnastique aux agr\u00e8s. En 2012, elle en a marre de marcher sur les mains. Elle se rend \u00e0 Gen\u00e8ve, la grande ville, o\u00f9 elle se forme \u00e0 la danse contemporaine au Centre de Formation Professionnelle des Arts Appliqu\u00e9s. Elle y d\u00e9couvre plusieurs techniques dans\u00e9es et participe \u00e0 divers stages et cr\u00e9ations dans le cadre de l&#8217;\u00e9cole. En mi-septembre 2015, elle fait son entr\u00e9e dans la vie professionnelle gr\u00e2ce \u00e0 la compagnie Neopost Foofwa o\u00f9 elle est engag\u00e9e pour le projet <em>Utile\/Inutile.<\/em><\/p>\n","protected":false},"excerpt":{"rendered":"<p>Laura Dicembrino, n\u00e9e le 08 d\u00e9cembre 1996, a grandi dans les montagnes neuch\u00e2teloises<\/p>\n","protected":false},"author":1,"featured_media":0,"parent":0,"menu_order":0,"comment_status":"open","ping_status":"open","template":"","meta":{"_acf_changed":false,"footnotes":""},"class_list":["post-9866","page","type-page","status-publish","hentry"],"acf":[],"_links":{"self":[{"href":"https:\/\/www.foofwa.com\/en\/wp-json\/wp\/v2\/pages\/9866","targetHints":{"allow":["GET"]}}],"collection":[{"href":"https:\/\/www.foofwa.com\/en\/wp-json\/wp\/v2\/pages"}],"about":[{"href":"https:\/\/www.foofwa.com\/en\/wp-json\/wp\/v2\/types\/page"}],"author":[{"embeddable":true,"href":"https:\/\/www.foofwa.com\/en\/wp-json\/wp\/v2\/users\/1"}],"replies":[{"embeddable":true,"href":"https:\/\/www.foofwa.com\/en\/wp-json\/wp\/v2\/comments?post=9866"}],"version-history":[{"count":1,"href":"https:\/\/www.foofwa.com\/en\/wp-json\/wp\/v2\/pages\/9866\/revisions"}],"predecessor-version":[{"id":9867,"href":"https:\/\/www.foofwa.com\/en\/wp-json\/wp\/v2\/pages\/9866\/revisions\/9867"}],"wp:attachment":[{"href":"https:\/\/www.foofwa.com\/en\/wp-json\/wp\/v2\/media?parent=9866"}],"curies":[{"name":"wp","href":"https:\/\/api.w.org\/{rel}","templated":true}]}}