{"id":9869,"date":"2015-11-03T14:54:01","date_gmt":"2015-11-03T14:54:01","guid":{"rendered":"http:\/\/www.foofwa.com\/?page_id=9869"},"modified":"2015-11-03T14:54:01","modified_gmt":"2015-11-03T14:54:01","slug":"claude-jordan","status":"publish","type":"page","link":"https:\/\/www.foofwa.com\/en\/claude-jordan\/","title":{"rendered":"Claude Jordan"},"content":{"rendered":"<p>N\u00e9 \u00e0 Gen\u00e8ve en 1954, fl\u00fbtiste d\u00e8s son plus jeune \u00e2ge, il fait ses \u00e9tudes musicales au Conservatoire de Gen\u00e8ve, o\u00f9 il obtient un dipl\u00f4me professionnel en 1980. il \u00e9tudie la fl\u00fbte bien s\u00fbr, mais aussi la programmation des synth\u00e9tiseurs, la composition et le contrepoint. \u00c9l\u00e8ve de Rainer Boesch, il devient sp\u00e9cialiste de la musique \u00e9lectroacoustique, et travaille activement \u00e0 l&#8217;int\u00e9gration de la synth\u00e8se et des instruments traditionnels. Depuis vingt ans, il organise un ensemble de syst\u00e8mes de production sonore qui passe par l&#8217;amplification de la fl\u00fbte, et par le traitement du signal sonore par des proc\u00e9d\u00e9s \u00e9lectroniques et informatiques. Compositeur il travaille pour le th\u00e9\u00e2tre, la danse, la musique contemporaine. Passionn\u00e9 de jazz, il fait partie de quelques\u00aduns des groupes de recherche musicale les plus en vue du moment. Sa discographie est faite surtout de collaborations (Jean\u00adBernard le Flic, Sskies..3, en tout une quinzaine d&#8217;albums. Il enseigne la fl\u00fbte et l&#8217;\u00e9lectro\u00adacoustique au Conservatoire populaire de Gen\u00e8ve et \u00e0 l&#8217;\u00e9cole professionnelle de jazz depuis 1999.<\/p>\n","protected":false},"excerpt":{"rendered":"<p>N\u00e9 \u00e0 Gen\u00e8ve en 1954, fl\u00fbtiste d\u00e8s son plus jeune \u00e2ge, il fait ses \u00e9tudes musicales au Conservatoire de Gen\u00e8ve, o\u00f9 il obtient un dipl\u00f4me professionnel en 1980<\/p>\n","protected":false},"author":1,"featured_media":0,"parent":0,"menu_order":0,"comment_status":"open","ping_status":"open","template":"","meta":{"_acf_changed":false,"footnotes":""},"class_list":["post-9869","page","type-page","status-publish","hentry"],"acf":[],"_links":{"self":[{"href":"https:\/\/www.foofwa.com\/en\/wp-json\/wp\/v2\/pages\/9869","targetHints":{"allow":["GET"]}}],"collection":[{"href":"https:\/\/www.foofwa.com\/en\/wp-json\/wp\/v2\/pages"}],"about":[{"href":"https:\/\/www.foofwa.com\/en\/wp-json\/wp\/v2\/types\/page"}],"author":[{"embeddable":true,"href":"https:\/\/www.foofwa.com\/en\/wp-json\/wp\/v2\/users\/1"}],"replies":[{"embeddable":true,"href":"https:\/\/www.foofwa.com\/en\/wp-json\/wp\/v2\/comments?post=9869"}],"version-history":[{"count":1,"href":"https:\/\/www.foofwa.com\/en\/wp-json\/wp\/v2\/pages\/9869\/revisions"}],"predecessor-version":[{"id":9870,"href":"https:\/\/www.foofwa.com\/en\/wp-json\/wp\/v2\/pages\/9869\/revisions\/9870"}],"wp:attachment":[{"href":"https:\/\/www.foofwa.com\/en\/wp-json\/wp\/v2\/media?parent=9869"}],"curies":[{"name":"wp","href":"https:\/\/api.w.org\/{rel}","templated":true}]}}