{"id":9872,"date":"2015-11-03T14:54:50","date_gmt":"2015-11-03T14:54:50","guid":{"rendered":"http:\/\/www.foofwa.com\/?page_id=9872"},"modified":"2015-11-03T14:54:50","modified_gmt":"2015-11-03T14:54:50","slug":"nicolas-sordet","status":"publish","type":"page","link":"https:\/\/www.foofwa.com\/en\/nicolas-sordet\/","title":{"rendered":"Nicolas Sordet"},"content":{"rendered":"<p>Nicolas Sordet est n\u00e9 \u00e0 Gen\u00e8ve. Tr\u00e8s t\u00f4t en contact avec la musique (piano), il s\u2019int\u00e9resse \u00e0 l\u2019improvisation avec Jacques Demierre, commence \u00e0 pratiquer la composition avec Eric Gaudibert et la musique \u00e9lectroacoustique au studio ESPACES \u00e0 Gen\u00e8ve, dirig\u00e9 par Rainer Boesch. Parall\u00e8lement, il m\u00e8ne un cursus universitaire en Lettres. Depuis 1990, il enseigne l\u2019\u00e9lectroacoustique au conservatoire populaire de Gen\u00e8ve et \u00e0 l\u2019institut Jaques\u00adDalcroze. En outre, il a \u00e9t\u00e9 responsable d\u2019un cours de musique informatique \u00e0 l\u2019universit\u00e9 de Gen\u00e8ve pendant plusieurs ann\u00e9es.<\/p>\n<p>La fascination qu&#8217;exercent les relations entre structures et mat\u00e9riaux sonores le pousse \u00e0 programmer des processeurs de traitements de signaux. Cette ouverture vers les ex\u00e9cutions en temps r\u00e9el le conduit \u00e0 divers concerts et collaborations, en particulier en France, en Allemagne, en Hollande, aux Etats\u00adUnis, au Canada et en Suisse avec des musiciens tels que Hans Koch, Barre Philips, Tristan Murail, etc). En outre, il est membre de plusieurs ensembles orient\u00e9s essentiellement vers l&#8217;improvisation (trio espaces, quatuor 3+1, quintet multimedia).<\/p>\n","protected":false},"excerpt":{"rendered":"<p>Nicolas Sordet est n\u00e9 \u00e0 Gen\u00e8ve. Tr\u00e8s t\u00f4t en contact avec la musique (piano), il s\u2019int\u00e9resse \u00e0 l\u2019improvisation avec Jacques Demierre, commence \u00e0 pratiquer la composition avec Eric Gaudibert et la musique \u00e9lectroacoustique au studio ESPACES \u00e0 Gen\u00e8ve, dirig\u00e9 par Rainer Boesch. Parall\u00e8lement, il m\u00e8ne un cursus universitaire en Lettres. Depuis 1990, il enseigne l\u2019\u00e9lectroacoustique [&hellip;]<\/p>\n","protected":false},"author":1,"featured_media":0,"parent":0,"menu_order":0,"comment_status":"open","ping_status":"open","template":"","meta":{"_acf_changed":false,"footnotes":""},"class_list":["post-9872","page","type-page","status-publish","hentry"],"acf":[],"_links":{"self":[{"href":"https:\/\/www.foofwa.com\/en\/wp-json\/wp\/v2\/pages\/9872","targetHints":{"allow":["GET"]}}],"collection":[{"href":"https:\/\/www.foofwa.com\/en\/wp-json\/wp\/v2\/pages"}],"about":[{"href":"https:\/\/www.foofwa.com\/en\/wp-json\/wp\/v2\/types\/page"}],"author":[{"embeddable":true,"href":"https:\/\/www.foofwa.com\/en\/wp-json\/wp\/v2\/users\/1"}],"replies":[{"embeddable":true,"href":"https:\/\/www.foofwa.com\/en\/wp-json\/wp\/v2\/comments?post=9872"}],"version-history":[{"count":1,"href":"https:\/\/www.foofwa.com\/en\/wp-json\/wp\/v2\/pages\/9872\/revisions"}],"predecessor-version":[{"id":9873,"href":"https:\/\/www.foofwa.com\/en\/wp-json\/wp\/v2\/pages\/9872\/revisions\/9873"}],"wp:attachment":[{"href":"https:\/\/www.foofwa.com\/en\/wp-json\/wp\/v2\/media?parent=9872"}],"curies":[{"name":"wp","href":"https:\/\/api.w.org\/{rel}","templated":true}]}}