{"id":9880,"date":"2015-11-03T14:56:23","date_gmt":"2015-11-03T14:56:23","guid":{"rendered":"http:\/\/www.foofwa.com\/?page_id=9880"},"modified":"2015-11-03T14:56:33","modified_gmt":"2015-11-03T14:56:33","slug":"nathalie-ponlot","status":"publish","type":"page","link":"https:\/\/www.foofwa.com\/en\/nathalie-ponlot\/","title":{"rendered":"Nathalie Ponlot"},"content":{"rendered":"<p>N\u00e9e en Belgique, passionn\u00e9e par la danse, elle suit les cours de l\u2019\u00e9cole du Ballet Contemporain de Bruxelles.<\/p>\n<p>Dipl\u00f4m\u00e9e de l\u2019INSAS en interpr\u00e9tation dramatique, elle travaille sur les sc\u00e8nes belges et suisses avec, notamment, Armel Roussel, Val\u00e9rie Cordy, Pascal Rambert, Michel Barras.<\/p>\n<p>A travers le r\u00e9pertoire contemporain ou exp\u00e9rimental ( Bernard-Marie Kolt\u00e8s , Henri Bauchau, Jan Fabre, Bertold Brecht, Bernard Schlurick, &#8230;) , elle observe et explore le comportement humain en qu\u00eate de ces instants o\u00f9 la voix s\u2019incarne le corps chante.<\/p>\n","protected":false},"excerpt":{"rendered":"<p>N\u00e9e en Belgique, passionn\u00e9e par la danse, elle suit les cours de l\u2019\u00e9cole du Ballet Contemporain de Bruxelles.<\/p>\n","protected":false},"author":1,"featured_media":0,"parent":0,"menu_order":0,"comment_status":"open","ping_status":"open","template":"","meta":{"_acf_changed":false,"footnotes":""},"class_list":["post-9880","page","type-page","status-publish","hentry"],"acf":[],"_links":{"self":[{"href":"https:\/\/www.foofwa.com\/en\/wp-json\/wp\/v2\/pages\/9880","targetHints":{"allow":["GET"]}}],"collection":[{"href":"https:\/\/www.foofwa.com\/en\/wp-json\/wp\/v2\/pages"}],"about":[{"href":"https:\/\/www.foofwa.com\/en\/wp-json\/wp\/v2\/types\/page"}],"author":[{"embeddable":true,"href":"https:\/\/www.foofwa.com\/en\/wp-json\/wp\/v2\/users\/1"}],"replies":[{"embeddable":true,"href":"https:\/\/www.foofwa.com\/en\/wp-json\/wp\/v2\/comments?post=9880"}],"version-history":[{"count":2,"href":"https:\/\/www.foofwa.com\/en\/wp-json\/wp\/v2\/pages\/9880\/revisions"}],"predecessor-version":[{"id":9882,"href":"https:\/\/www.foofwa.com\/en\/wp-json\/wp\/v2\/pages\/9880\/revisions\/9882"}],"wp:attachment":[{"href":"https:\/\/www.foofwa.com\/en\/wp-json\/wp\/v2\/media?parent=9880"}],"curies":[{"name":"wp","href":"https:\/\/api.w.org\/{rel}","templated":true}]}}