{"id":9884,"date":"2015-11-03T14:58:11","date_gmt":"2015-11-03T14:58:11","guid":{"rendered":"http:\/\/www.foofwa.com\/?page_id=9884"},"modified":"2015-11-03T14:58:11","modified_gmt":"2015-11-03T14:58:11","slug":"aline-courvoisier","status":"publish","type":"page","link":"https:\/\/www.foofwa.com\/en\/aline-courvoisier\/","title":{"rendered":"Aline Courvoisier"},"content":{"rendered":"<p>Aline Courvoisier est n\u00e9e en 1974 au Locle dans le canton de Neuch\u00e2tel en Suisse. Elle suit une formation de couture \u00e0 l&#8217;Ecole d&#8217;Arts Appliqu\u00e9s de La Chaux-de-Fonds puis obtient son dipl\u00f4me de styliste \u00e0 l&#8217;Ecole Sup\u00e9rieure d&#8217;Arts Appliqu\u00e9s de Gen\u00e8ve (actuelle HEAD).\u2028Depuis 1996 elle cr\u00e9e des costumes pour nombre de compagnies de th\u00e9\u00e2tre et de danse contemporaine \u00e0 Gen\u00e8ve et Suisse romande, comme entre autres la Cie Greffe de Cindy Van Acker, Foofwa d&#8217;Imobilit\u00e9, La Cie Quivala de Prisca Harsch et Pascal Gravat, Kylie Walters et Joszef Trefeli.<\/p>\n<p>En parall\u00e8le, elle cr\u00e9e pour des particuliers et enseigne la couture et le stylisme. Elle est membre des comit\u00e9s du Festival pluridisciplinaire \u00ab Baz&#8217;art \u00bb de Saint-Gervais \u2013 Gen\u00e8ve depuis sa fondation en 2010 et de \u00ab Chemin\u00e9e Nord \u00bb \u2013 Usine Kugler depuis 2011.<\/p>","protected":false},"excerpt":{"rendered":"<p>Aline Courvoisier est n\u00e9e en 1974 au Locle dans le canton de Neuch\u00e2tel en Suisse<\/p>\n","protected":false},"author":1,"featured_media":0,"parent":0,"menu_order":0,"comment_status":"open","ping_status":"open","template":"","meta":{"_acf_changed":false,"footnotes":""},"class_list":["post-9884","page","type-page","status-publish","hentry"],"acf":[],"_links":{"self":[{"href":"https:\/\/www.foofwa.com\/en\/wp-json\/wp\/v2\/pages\/9884","targetHints":{"allow":["GET"]}}],"collection":[{"href":"https:\/\/www.foofwa.com\/en\/wp-json\/wp\/v2\/pages"}],"about":[{"href":"https:\/\/www.foofwa.com\/en\/wp-json\/wp\/v2\/types\/page"}],"author":[{"embeddable":true,"href":"https:\/\/www.foofwa.com\/en\/wp-json\/wp\/v2\/users\/1"}],"replies":[{"embeddable":true,"href":"https:\/\/www.foofwa.com\/en\/wp-json\/wp\/v2\/comments?post=9884"}],"version-history":[{"count":1,"href":"https:\/\/www.foofwa.com\/en\/wp-json\/wp\/v2\/pages\/9884\/revisions"}],"predecessor-version":[{"id":9885,"href":"https:\/\/www.foofwa.com\/en\/wp-json\/wp\/v2\/pages\/9884\/revisions\/9885"}],"wp:attachment":[{"href":"https:\/\/www.foofwa.com\/en\/wp-json\/wp\/v2\/media?parent=9884"}],"curies":[{"name":"wp","href":"https:\/\/api.w.org\/{rel}","templated":true}]}}